{"id":15,"date":"2014-10-27T00:05:42","date_gmt":"2014-10-26T23:05:42","guid":{"rendered":"http:\/\/www.chirurgieesthetique-namur.be\/?page_id=15"},"modified":"2016-08-19T17:16:52","modified_gmt":"2016-08-19T16:16:52","slug":"en-pratique","status":"publish","type":"page","link":"https:\/\/www.chirurgieesthetique-namur.be\/?page_id=15","title":{"rendered":"En pratique"},"content":{"rendered":"[rev_slider pratique]\n<p>&nbsp;<\/p>\n<p>&nbsp;<\/p>\n<h1>En pratique&#8230;<\/h1>\n<p>&nbsp;<\/p>\n<h3>Clinique et maternit\u00e9 Ste Elisabeth<\/h3>\n<ul>\n<li>Consultations de chirurgie plastique<\/li>\n<li>Chirurgie de jour<\/li>\n<li>Hospitalisations<\/li>\n<\/ul>\n<p>Consultations : prise de rendez vous : <strong>081720581<\/strong><\/p>\n<p>Hospitalisation: Rendez-vous par t\u00e9l\u00e9phone au 081\/72.05.81 &#8211; Etage A4 081\/70.83.42<br \/>\nH\u00f4pital d\u2019un jour:\u00a0Rendez-vous par t\u00e9l\u00e9phone au 081\/72.05.81 &#8211;\u00a0Premier \u00e9tage.<\/p>\n<p>num\u00e9ro de compte : <span style=\"text-decoration: underline;\">BE80-0682-4685-0677<\/span> (communication : \u00ab\u00a0Nom et Prenom du patient + date de l&rsquo;intervention)<\/p>\n<p>&nbsp;<\/p>\n<div class=\"rgg-container\" data-rgg-id=\"1\">    <div class=\"rgg-imagegrid captions-title captions-effect-none \" data-rgg-id=\"1\">\n                    <a data-rel=\"prettyPhoto\" href=\"https:\/\/www.chirurgieesthetique-namur.be\/wp-content\/uploads\/2014\/10\/Ste-eli_08012015_8965-1024x683.jpg\" data-rel=\"rgg\" rel=\"rgg\" title=\"\" class=\"rgg-disabled size-medium rgg-img\" data-src=\"https:\/\/www.chirurgieesthetique-namur.be\/wp-content\/uploads\/2014\/10\/Ste-eli_08012015_8965-300x200.jpg\" data-ratio=\"1.5\" data-height=\"200\" data-width=\"300\" aria-label=\"\">\n                            <\/a>\n                    <a data-rel=\"prettyPhoto\" href=\"https:\/\/www.chirurgieesthetique-namur.be\/wp-content\/uploads\/2014\/10\/Ste-eli_08012015_8743-1024x683.jpg\" data-rel=\"rgg\" rel=\"rgg\" title=\"\" class=\"rgg-disabled size-medium rgg-img\" data-src=\"https:\/\/www.chirurgieesthetique-namur.be\/wp-content\/uploads\/2014\/10\/Ste-eli_08012015_8743-300x200.jpg\" data-ratio=\"1.5\" data-height=\"200\" data-width=\"300\" aria-label=\"\">\n                            <\/a>\n                    <a data-rel=\"prettyPhoto\" href=\"https:\/\/www.chirurgieesthetique-namur.be\/wp-content\/uploads\/2014\/10\/Ste-eli_08012015_8835-1024x683.jpg\" data-rel=\"rgg\" rel=\"rgg\" title=\"\" class=\"rgg-disabled size-medium rgg-img\" data-src=\"https:\/\/www.chirurgieesthetique-namur.be\/wp-content\/uploads\/2014\/10\/Ste-eli_08012015_8835-300x200.jpg\" data-ratio=\"1.5\" data-height=\"200\" data-width=\"300\" aria-label=\"\">\n                            <\/a>\n                    <a data-rel=\"prettyPhoto\" href=\"https:\/\/www.chirurgieesthetique-namur.be\/wp-content\/uploads\/2014\/10\/Ste-eli_08012015_8934-1024x683.jpg\" data-rel=\"rgg\" rel=\"rgg\" title=\"\" class=\"rgg-disabled size-medium rgg-img\" data-src=\"https:\/\/www.chirurgieesthetique-namur.be\/wp-content\/uploads\/2014\/10\/Ste-eli_08012015_8934-300x200.jpg\" data-ratio=\"1.5\" data-height=\"200\" data-width=\"300\" aria-label=\"\">\n                            <\/a>\n                    <a data-rel=\"prettyPhoto\" href=\"https:\/\/www.chirurgieesthetique-namur.be\/wp-content\/uploads\/2014\/10\/Ste-eli_08012015_8902-1024x683.jpg\" data-rel=\"rgg\" rel=\"rgg\" title=\"\" class=\"rgg-disabled size-medium rgg-img\" data-src=\"https:\/\/www.chirurgieesthetique-namur.be\/wp-content\/uploads\/2014\/10\/Ste-eli_08012015_8902-300x200.jpg\" data-ratio=\"1.5\" data-height=\"200\" data-width=\"300\" aria-label=\"\">\n                            <\/a>\n                    <a data-rel=\"prettyPhoto\" href=\"https:\/\/www.chirurgieesthetique-namur.be\/wp-content\/uploads\/2014\/10\/Ste-eli_08012015_8947-1024x682.jpg\" data-rel=\"rgg\" rel=\"rgg\" title=\"\" class=\"rgg-disabled size-medium rgg-img\" data-src=\"https:\/\/www.chirurgieesthetique-namur.be\/wp-content\/uploads\/2014\/10\/Ste-eli_08012015_8947-300x200.jpg\" data-ratio=\"1.5\" data-height=\"200\" data-width=\"300\" aria-label=\"\">\n                            <\/a>\n                    <a data-rel=\"prettyPhoto\" href=\"https:\/\/www.chirurgieesthetique-namur.be\/wp-content\/uploads\/2014\/10\/Ste-eli_08012015_8953-1024x683.jpg\" data-rel=\"rgg\" rel=\"rgg\" title=\"\" class=\"rgg-disabled size-medium rgg-img\" data-src=\"https:\/\/www.chirurgieesthetique-namur.be\/wp-content\/uploads\/2014\/10\/Ste-eli_08012015_8953-300x200.jpg\" data-ratio=\"1.5\" data-height=\"200\" data-width=\"300\" aria-label=\"\">\n                            <\/a>\n                    <a data-rel=\"prettyPhoto\" href=\"https:\/\/www.chirurgieesthetique-namur.be\/wp-content\/uploads\/2014\/10\/Ste-eli_08012015_8956-1024x683.jpg\" data-rel=\"rgg\" rel=\"rgg\" title=\"\" class=\"rgg-disabled size-medium rgg-img\" data-src=\"https:\/\/www.chirurgieesthetique-namur.be\/wp-content\/uploads\/2014\/10\/Ste-eli_08012015_8956-300x200.jpg\" data-ratio=\"1.5\" data-height=\"200\" data-width=\"300\" aria-label=\"\">\n                            <\/a>\n            <\/div>\n<\/div>\n<p>&nbsp;<\/p>\n<h3>Cliniques Universitaires Mont-Godinne<\/h3>\n<ul>\n<li>Consultations de chirurgie plastique<\/li>\n<li>Chirurgie de jour &#8211; hospitalisation de jour et ambulatoire<\/li>\n<\/ul>\n<p>Prise de rendez vous : consultations : <strong>081423481<\/strong><br \/>\nR\u00e9servation date op\u00e9ratoire : <strong>081422628<\/strong><\/p>\n<p>H\u00f4pital d\u2019un jour : CMCA :\u00a0 Situ\u00e9 au premier \u00e9tage de la nouvelle entr\u00e9e (Rotonde) : route 90<br \/>\nIl est n\u00e9cessaire de contacter le service (<strong>081\/42.61.11<\/strong>) la veille de votre RDV en ambulatoire.<\/p>\n<p>num\u00e9ro de compte : <span style=\"text-decoration: underline;\">BE77-3601-0811-9842<\/span> (communication : \u00ab\u00a0Nom et Prenom du patient + date de l&rsquo;intervention)<\/p>\n<p>&nbsp;<\/p>\n<div class=\"rgg-container\" data-rgg-id=\"2\">    <div class=\"rgg-imagegrid captions-title captions-effect-none \" data-rgg-id=\"2\">\n                    <a data-rel=\"prettyPhoto\" href=\"https:\/\/www.chirurgieesthetique-namur.be\/wp-content\/uploads\/2014\/10\/godinne_2-1024x683.jpg\" data-rel=\"rgg\" rel=\"rgg\" title=\"\" class=\"rgg-disabled size-medium rgg-img\" data-src=\"https:\/\/www.chirurgieesthetique-namur.be\/wp-content\/uploads\/2014\/10\/godinne_2-300x200.jpg\" data-ratio=\"1.5\" data-height=\"200\" data-width=\"300\" aria-label=\"\">\n                            <\/a>\n                    <a data-rel=\"prettyPhoto\" href=\"https:\/\/www.chirurgieesthetique-namur.be\/wp-content\/uploads\/2014\/10\/godinne_8-1024x683.jpg\" data-rel=\"rgg\" rel=\"rgg\" title=\"\" class=\"rgg-disabled size-medium rgg-img\" data-src=\"https:\/\/www.chirurgieesthetique-namur.be\/wp-content\/uploads\/2014\/10\/godinne_8-300x200.jpg\" data-ratio=\"1.5\" data-height=\"200\" data-width=\"300\" aria-label=\"\">\n                            <\/a>\n                    <a data-rel=\"prettyPhoto\" href=\"https:\/\/www.chirurgieesthetique-namur.be\/wp-content\/uploads\/2014\/10\/godinne_5-1024x683.jpg\" data-rel=\"rgg\" rel=\"rgg\" title=\"\" class=\"rgg-disabled size-medium rgg-img\" data-src=\"https:\/\/www.chirurgieesthetique-namur.be\/wp-content\/uploads\/2014\/10\/godinne_5-300x200.jpg\" data-ratio=\"1.5\" data-height=\"200\" data-width=\"300\" aria-label=\"\">\n                            <\/a>\n                    <a data-rel=\"prettyPhoto\" href=\"https:\/\/www.chirurgieesthetique-namur.be\/wp-content\/uploads\/2014\/10\/godinne_4-1024x683.jpg\" data-rel=\"rgg\" rel=\"rgg\" title=\"\" class=\"rgg-disabled size-medium rgg-img\" data-src=\"https:\/\/www.chirurgieesthetique-namur.be\/wp-content\/uploads\/2014\/10\/godinne_4-300x200.jpg\" data-ratio=\"1.5\" data-height=\"200\" data-width=\"300\" aria-label=\"\">\n                            <\/a>\n                    <a data-rel=\"prettyPhoto\" href=\"https:\/\/www.chirurgieesthetique-namur.be\/wp-content\/uploads\/2014\/10\/godinne_7-1024x683.jpg\" data-rel=\"rgg\" rel=\"rgg\" title=\"\" class=\"rgg-disabled size-medium rgg-img\" data-src=\"https:\/\/www.chirurgieesthetique-namur.be\/wp-content\/uploads\/2014\/10\/godinne_7-300x200.jpg\" data-ratio=\"1.5\" data-height=\"200\" data-width=\"300\" aria-label=\"\">\n                            <\/a>\n                    <a data-rel=\"prettyPhoto\" href=\"https:\/\/www.chirurgieesthetique-namur.be\/wp-content\/uploads\/2014\/10\/godinne_6-1024x683.jpg\" data-rel=\"rgg\" rel=\"rgg\" title=\"\" class=\"rgg-disabled size-medium rgg-img\" data-src=\"https:\/\/www.chirurgieesthetique-namur.be\/wp-content\/uploads\/2014\/10\/godinne_6-300x200.jpg\" data-ratio=\"1.5\" data-height=\"200\" data-width=\"300\" aria-label=\"\">\n                            <\/a>\n                    <a data-rel=\"prettyPhoto\" href=\"https:\/\/www.chirurgieesthetique-namur.be\/wp-content\/uploads\/2014\/10\/godinne_3-1024x683.jpg\" data-rel=\"rgg\" rel=\"rgg\" title=\"\" class=\"rgg-disabled size-medium rgg-img\" data-src=\"https:\/\/www.chirurgieesthetique-namur.be\/wp-content\/uploads\/2014\/10\/godinne_3-300x200.jpg\" data-ratio=\"1.5\" data-height=\"200\" data-width=\"300\" aria-label=\"\">\n                            <\/a>\n                    <a data-rel=\"prettyPhoto\" href=\"https:\/\/www.chirurgieesthetique-namur.be\/wp-content\/uploads\/2014\/10\/godinne_1-1024x683.jpg\" data-rel=\"rgg\" rel=\"rgg\" title=\"\" class=\"rgg-disabled size-medium rgg-img\" data-src=\"https:\/\/www.chirurgieesthetique-namur.be\/wp-content\/uploads\/2014\/10\/godinne_1-300x200.jpg\" data-ratio=\"1.5\" data-height=\"200\" data-width=\"300\" aria-label=\"\">\n                            <\/a>\n            <\/div>\n<\/div>\n<p>&nbsp;<\/p>\n<h3>Centre m\u00e9dical les Baseilles<\/h3>\n<p>Consultations de chirurgie plastique<br \/>\nRendez-vous par t\u00e9l\u00e9phone au <strong>081\/70.88.25<\/strong> &#8211; Place des jardins de Baseilles, 17 &#8211; 5101 Erpent.<\/p>\n<p>&nbsp;<\/p>\n<div class=\"rgg-container\" data-rgg-id=\"3\">    <div class=\"rgg-imagegrid captions-title captions-effect-none \" data-rgg-id=\"3\">\n                    <a data-rel=\"prettyPhoto\" href=\"https:\/\/www.chirurgieesthetique-namur.be\/wp-content\/uploads\/2014\/10\/Chirurgie_08012015_9040-1024x682.jpg\" data-rel=\"rgg\" rel=\"rgg\" title=\"\" class=\"rgg-disabled size-medium rgg-img\" data-src=\"https:\/\/www.chirurgieesthetique-namur.be\/wp-content\/uploads\/2014\/10\/Chirurgie_08012015_9040-300x200.jpg\" data-ratio=\"1.5\" data-height=\"200\" data-width=\"300\" aria-label=\"\">\n                            <\/a>\n                    <a data-rel=\"prettyPhoto\" href=\"https:\/\/www.chirurgieesthetique-namur.be\/wp-content\/uploads\/2014\/10\/Chirurgie_08012015_9009-1024x682.jpg\" data-rel=\"rgg\" rel=\"rgg\" title=\"\" class=\"rgg-disabled size-medium rgg-img\" data-src=\"https:\/\/www.chirurgieesthetique-namur.be\/wp-content\/uploads\/2014\/10\/Chirurgie_08012015_9009-300x200.jpg\" data-ratio=\"1.5\" data-height=\"200\" data-width=\"300\" aria-label=\"\">\n                            <\/a>\n                    <a data-rel=\"prettyPhoto\" href=\"https:\/\/www.chirurgieesthetique-namur.be\/wp-content\/uploads\/2014\/10\/Chirurgie_08012015_9034-1024x683.jpg\" data-rel=\"rgg\" rel=\"rgg\" title=\"\" class=\"rgg-disabled size-medium rgg-img\" data-src=\"https:\/\/www.chirurgieesthetique-namur.be\/wp-content\/uploads\/2014\/10\/Chirurgie_08012015_9034-300x200.jpg\" data-ratio=\"1.5\" data-height=\"200\" data-width=\"300\" aria-label=\"\">\n                            <\/a>\n                    <a data-rel=\"prettyPhoto\" href=\"https:\/\/www.chirurgieesthetique-namur.be\/wp-content\/uploads\/2014\/10\/Chirurgie_08012015_9001-1024x683.jpg\" data-rel=\"rgg\" rel=\"rgg\" title=\"\" class=\"rgg-disabled size-medium rgg-img\" data-src=\"https:\/\/www.chirurgieesthetique-namur.be\/wp-content\/uploads\/2014\/10\/Chirurgie_08012015_9001-300x200.jpg\" data-ratio=\"1.5\" data-height=\"200\" data-width=\"300\" aria-label=\"\">\n                            <\/a>\n                    <a data-rel=\"prettyPhoto\" href=\"https:\/\/www.chirurgieesthetique-namur.be\/wp-content\/uploads\/2014\/10\/Chirurgie_08012015_8995-1024x683.jpg\" data-rel=\"rgg\" rel=\"rgg\" title=\"\" class=\"rgg-disabled size-medium rgg-img\" data-src=\"https:\/\/www.chirurgieesthetique-namur.be\/wp-content\/uploads\/2014\/10\/Chirurgie_08012015_8995-300x200.jpg\" data-ratio=\"1.5\" data-height=\"200\" data-width=\"300\" aria-label=\"\">\n                            <\/a>\n                    <a data-rel=\"prettyPhoto\" href=\"https:\/\/www.chirurgieesthetique-namur.be\/wp-content\/uploads\/2014\/10\/Chirurgie_08012015_9003-1024x683.jpg\" data-rel=\"rgg\" rel=\"rgg\" title=\"\" class=\"rgg-disabled size-medium rgg-img\" data-src=\"https:\/\/www.chirurgieesthetique-namur.be\/wp-content\/uploads\/2014\/10\/Chirurgie_08012015_9003-300x200.jpg\" data-ratio=\"1.5\" data-height=\"200\" data-width=\"300\" aria-label=\"\">\n                            <\/a>\n                    <a data-rel=\"prettyPhoto\" href=\"https:\/\/www.chirurgieesthetique-namur.be\/wp-content\/uploads\/2014\/10\/Chirurgie_08012015_9005-1024x683.jpg\" data-rel=\"rgg\" rel=\"rgg\" title=\"\" class=\"rgg-disabled size-medium rgg-img\" data-src=\"https:\/\/www.chirurgieesthetique-namur.be\/wp-content\/uploads\/2014\/10\/Chirurgie_08012015_9005-300x200.jpg\" data-ratio=\"1.5\" data-height=\"200\" data-width=\"300\" aria-label=\"\">\n                            <\/a>\n                    <a data-rel=\"prettyPhoto\" href=\"https:\/\/www.chirurgieesthetique-namur.be\/wp-content\/uploads\/2014\/10\/Chirurgie_08012015_9014-1024x683.jpg\" data-rel=\"rgg\" rel=\"rgg\" title=\"\" class=\"rgg-disabled size-medium rgg-img\" data-src=\"https:\/\/www.chirurgieesthetique-namur.be\/wp-content\/uploads\/2014\/10\/Chirurgie_08012015_9014-300x200.jpg\" data-ratio=\"1.5\" data-height=\"200\" data-width=\"300\" aria-label=\"\">\n                            <\/a>\n            <\/div>\n<\/div>\n<p>&nbsp;<\/p>\n<p><strong><br \/>\nPour nous joindre en cas de probl\u00e8me ou de questions, vous pouvez soit\u00a0contacter notre secr\u00e9tariat 081\/72.05.81 ou bien envoyer un mail au m\u00e9decin concern\u00e9.<\/strong><\/p>\n","protected":false},"excerpt":{"rendered":"<p>[rev_slider pratique] &nbsp; &nbsp; En pratique&#8230; &nbsp; Clinique et maternit\u00e9 Ste Elisabeth Consultations de chirurgie plastique Chirurgie de jour Hospitalisations Consultations : prise de rendez vous : 081720581 Hospitalisation: Rendez-vous par t\u00e9l\u00e9phone au 081\/72.05.81 &#8211; Etage A4 081\/70.83.42 H\u00f4pital d\u2019un jour:\u00a0Rendez-vous par t\u00e9l\u00e9phone au 081\/72.05.81 &#8211;\u00a0Premier \u00e9tage. num\u00e9ro de compte : BE80-0682-4685-0677 (communication : \u00ab\u00a0Nom&hellip;<\/p>\n<p><a href=\"https:\/\/www.chirurgieesthetique-namur.be\/?page_id=15\" class=\"read-more-link\">Read More &rarr;<\/a><\/p>\n","protected":false},"author":1,"featured_media":0,"parent":0,"menu_order":0,"comment_status":"open","ping_status":"open","template":"","meta":[],"_links":{"self":[{"href":"https:\/\/www.chirurgieesthetique-namur.be\/index.php?rest_route=\/wp\/v2\/pages\/15"}],"collection":[{"href":"https:\/\/www.chirurgieesthetique-namur.be\/index.php?rest_route=\/wp\/v2\/pages"}],"about":[{"href":"https:\/\/www.chirurgieesthetique-namur.be\/index.php?rest_route=\/wp\/v2\/types\/page"}],"author":[{"embeddable":true,"href":"https:\/\/www.chirurgieesthetique-namur.be\/index.php?rest_route=\/wp\/v2\/users\/1"}],"replies":[{"embeddable":true,"href":"https:\/\/www.chirurgieesthetique-namur.be\/index.php?rest_route=%2Fwp%2Fv2%2Fcomments&post=15"}],"version-history":[{"count":33,"href":"https:\/\/www.chirurgieesthetique-namur.be\/index.php?rest_route=\/wp\/v2\/pages\/15\/revisions"}],"predecessor-version":[{"id":477,"href":"https:\/\/www.chirurgieesthetique-namur.be\/index.php?rest_route=\/wp\/v2\/pages\/15\/revisions\/477"}],"wp:attachment":[{"href":"https:\/\/www.chirurgieesthetique-namur.be\/index.php?rest_route=%2Fwp%2Fv2%2Fmedia&parent=15"}],"curies":[{"name":"wp","href":"https:\/\/api.w.org\/{rel}","templated":true}]}}