{"id":17,"date":"2014-10-27T00:06:08","date_gmt":"2014-10-26T23:06:08","guid":{"rendered":"http:\/\/www.chirurgieesthetique-namur.be\/?page_id=17"},"modified":"2015-02-23T01:50:49","modified_gmt":"2015-02-23T00:50:49","slug":"nous-contacter","status":"publish","type":"page","link":"https:\/\/www.chirurgieesthetique-namur.be\/?page_id=17","title":{"rendered":"Nous contacter"},"content":{"rendered":"<div class=\"fancy-header2\"><h4>Service de chirurgie plastique et esth\u00e9tique de la Maternit\u00e9 et Clinique Saint-Elisabeth<\/h4><h2 class=\"highlight\">Namur -  +32 (0)81 72 05 81<\/h2><\/div>\n<p>&nbsp;<\/p>\n<h1>Contactez-nous !<\/h1>\n<h3>Clinique et maternit\u00e9 Ste Elisabeth<\/h3>\n<p>Secr\u00e9tariat de consultation de chirurgie plastique:<br \/>\nT\u00e9l: 081\/72.05.81<br \/>\nPlace Louise Godin 15 &#8211; 5000 Namur<\/p>\n<p><iframe loading=\"lazy\" style=\"border: 0;\" src=\"https:\/\/www.google.com\/maps\/embed?pb=!1m18!1m12!1m3!1d2539.9462170762!2d4.842379700000007!3d50.46072620000001!2m3!1f0!2f0!3f0!3m2!1i1024!2i768!4f13.1!3m3!1m2!1s0x47c19966359681d3%3A0x26a6e614b983fadf!2sPlace+Louise+Godin+15%2C+5000+Namur!5e0!3m2!1sfr!2sbe!4v1414448804226\" width=\"100%\" height=\"350\" frameborder=\"0\"><\/iframe><\/p>\n<h3><\/h3>\n<p>&nbsp;<\/p>\n<h3>Cliniques Universitaires Mont-Godinne<\/h3>\n<p>Secr\u00e9tariat de consultations de chirurgie plastique:<br \/>\nT\u00e9l: 081\/42.38.00.<br \/>\nAvenue G. Th\u00e9rasse 1 &#8211; 5530 Yvoir<\/p>\n<p><iframe loading=\"lazy\" style=\"border: 0;\" src=\"https:\/\/www.google.com\/maps\/embed?pb=!1m14!1m8!1m3!1d2545.432546006062!2d4.8837329!3d50.3584885!3m2!1i1024!2i768!4f13.1!3m3!1m2!1s0x47c1965a172f2713%3A0x1d6ad6c2c3ee88bd!2sRue+Dr+Gaston+Therasse+1%2C+5530+Yvoir!5e0!3m2!1sfr!2sbe!4v1424652514851\" width=\"100%\" height=\"350\" frameborder=\"0\"><\/iframe><\/p>\n<h3><\/h3>\n<p>&nbsp;<\/p>\n<h3>Centre m\u00e9dical les Baseilles<\/h3>\n<p>Secr\u00e9tariat de consultations de chirurgie plastique:<br \/>\nT\u00e9l: 081\/70.88.25<br \/>\nPlace des jardins de Baseilles, 17 &#8211; 5101 Erpent<\/p>\n<p><iframe loading=\"lazy\" style=\"border: 0;\" src=\"https:\/\/www.google.com\/maps\/embed?pb=!1m14!1m8!1m3!1d2540.9863077255777!2d4.905684700000001!3d50.441355699999995!3m2!1i1024!2i768!4f13.1!3m3!1m2!1s0x47c1984534d94823%3A0xb5601be74ba8a452!2sPl.+des+Jardins+de+Baseilles%2C+5101+Namur!5e0!3m2!1sfr!2sbe!4v1424652572244\" width=\"100%\" height=\"350\" frameborder=\"0\"><\/iframe><\/p>\n","protected":false},"excerpt":{"rendered":"<p>&nbsp; Contactez-nous ! Clinique et maternit\u00e9 Ste Elisabeth Secr\u00e9tariat de consultation de chirurgie plastique: T\u00e9l: 081\/72.05.81 Place Louise Godin 15 &#8211; 5000 Namur &nbsp; Cliniques Universitaires Mont-Godinne Secr\u00e9tariat de consultations de chirurgie plastique: T\u00e9l: 081\/42.38.00. Avenue G. Th\u00e9rasse 1 &#8211; 5530 Yvoir &nbsp; Centre m\u00e9dical les Baseilles Secr\u00e9tariat de consultations de chirurgie plastique: T\u00e9l: 081\/70.88.25&hellip;<\/p>\n<p><a href=\"https:\/\/www.chirurgieesthetique-namur.be\/?page_id=17\" class=\"read-more-link\">Read More &rarr;<\/a><\/p>\n","protected":false},"author":1,"featured_media":0,"parent":0,"menu_order":0,"comment_status":"open","ping_status":"open","template":"","meta":[],"_links":{"self":[{"href":"https:\/\/www.chirurgieesthetique-namur.be\/index.php?rest_route=\/wp\/v2\/pages\/17"}],"collection":[{"href":"https:\/\/www.chirurgieesthetique-namur.be\/index.php?rest_route=\/wp\/v2\/pages"}],"about":[{"href":"https:\/\/www.chirurgieesthetique-namur.be\/index.php?rest_route=\/wp\/v2\/types\/page"}],"author":[{"embeddable":true,"href":"https:\/\/www.chirurgieesthetique-namur.be\/index.php?rest_route=\/wp\/v2\/users\/1"}],"replies":[{"embeddable":true,"href":"https:\/\/www.chirurgieesthetique-namur.be\/index.php?rest_route=%2Fwp%2Fv2%2Fcomments&post=17"}],"version-history":[{"count":16,"href":"https:\/\/www.chirurgieesthetique-namur.be\/index.php?rest_route=\/wp\/v2\/pages\/17\/revisions"}],"predecessor-version":[{"id":154,"href":"https:\/\/www.chirurgieesthetique-namur.be\/index.php?rest_route=\/wp\/v2\/pages\/17\/revisions\/154"}],"wp:attachment":[{"href":"https:\/\/www.chirurgieesthetique-namur.be\/index.php?rest_route=%2Fwp%2Fv2%2Fmedia&parent=17"}],"curies":[{"name":"wp","href":"https:\/\/api.w.org\/{rel}","templated":true}]}}