{"id":520,"date":"2019-03-01T16:58:17","date_gmt":"2019-03-01T15:58:17","guid":{"rendered":"http:\/\/www.chirurgieesthetique-namur.be\/?page_id=520"},"modified":"2021-06-17T13:09:49","modified_gmt":"2021-06-17T12:09:49","slug":"notre-equipe","status":"publish","type":"page","link":"https:\/\/www.chirurgieesthetique-namur.be\/?page_id=520","title":{"rendered":"Notre \u00e9quipe"},"content":{"rendered":"<h1>Une \u00e9quipe \u00e0 votre service!<\/h1>\n<h3>Notre secr\u00e9tariat<\/h3>\n<p style=\"text-align: left;\"><img decoding=\"async\" loading=\"lazy\" class=\"alignnone wp-image-515 portfolio-lazyLoad\" src=\"http:\/\/www.chirurgieesthetique-namur.be\/wp-content\/uploads\/2019\/03\/DSC_1130-1024x683.jpg\" data-original=\"http:\/\/www.chirurgieesthetique-namur.be\/wp-content\/uploads\/2019\/03\/DSC_1130-1024x683.jpg\" alt=\"DSC_1130\" width=\"600\" height=\"400\" srcset=\"https:\/\/www.chirurgieesthetique-namur.be\/wp-content\/uploads\/2019\/03\/DSC_1130-1024x683.jpg 1024w, https:\/\/www.chirurgieesthetique-namur.be\/wp-content\/uploads\/2019\/03\/DSC_1130-300x200.jpg 300w, https:\/\/www.chirurgieesthetique-namur.be\/wp-content\/uploads\/2019\/03\/DSC_1130-768x512.jpg 768w, https:\/\/www.chirurgieesthetique-namur.be\/wp-content\/uploads\/2019\/03\/DSC_1130.jpg 1200w\" sizes=\"(max-width: 600px) 100vw, 600px\" \/><noscript><img decoding=\"async\" loading=\"lazy\" class=\"alignnone wp-image-515 portfolio-lazyLoad\" src=\"http:\/\/www.chirurgieesthetique-namur.be\/wp-content\/uploads\/2019\/03\/DSC_1130-1024x683.jpg\" alt=\"DSC_1130\" width=\"600\" height=\"400\" srcset=\"https:\/\/www.chirurgieesthetique-namur.be\/wp-content\/uploads\/2019\/03\/DSC_1130-1024x683.jpg 1024w, https:\/\/www.chirurgieesthetique-namur.be\/wp-content\/uploads\/2019\/03\/DSC_1130-300x200.jpg 300w, https:\/\/www.chirurgieesthetique-namur.be\/wp-content\/uploads\/2019\/03\/DSC_1130-768x512.jpg 768w, https:\/\/www.chirurgieesthetique-namur.be\/wp-content\/uploads\/2019\/03\/DSC_1130.jpg 1200w\" sizes=\"(max-width: 600px) 100vw, 600px\" \/><\/noscript><\/p>\n<p style=\"text-align: left;\">Notre dynamique \u00e9quipe de secr\u00e9taires vous recevra \u00e0 la consultation de Chirurgie Plastique.<\/p>\n<p style=\"text-align: left;\">Elles sont \u00e0 votre disposition pour la prise de rendez-vous, l&rsquo;organisation des interventions chirurgicales et des \u00e9ventuels bilans pr\u00e9op\u00e9ratoires. Elles peuvent \u00e9galement \u00eatre contact\u00e9es en cas d&rsquo;urgence m\u00e9dicale afin de vous mettre en contact avec votre chirurgien ou l&rsquo;un de ses assistants.<\/p>\n<p style=\"text-align: left;\">Pour les contacter : 081\/72.05.81.<\/p>\n<p>&nbsp;<\/p>\n<h3>Notre psychologue<\/h3>\n<p><img decoding=\"async\" loading=\"lazy\" class=\"alignnone wp-image-512 portfolio-lazyLoad\" src=\"http:\/\/www.chirurgieesthetique-namur.be\/wp-content\/uploads\/2019\/03\/DSC_1116.jpg\" data-original=\"http:\/\/www.chirurgieesthetique-namur.be\/wp-content\/uploads\/2019\/03\/DSC_1116.jpg\" alt=\"\" width=\"600\" height=\"397\" srcset=\"https:\/\/www.chirurgieesthetique-namur.be\/wp-content\/uploads\/2019\/03\/DSC_1116.jpg 1200w, https:\/\/www.chirurgieesthetique-namur.be\/wp-content\/uploads\/2019\/03\/DSC_1116-300x199.jpg 300w, https:\/\/www.chirurgieesthetique-namur.be\/wp-content\/uploads\/2019\/03\/DSC_1116-768x508.jpg 768w, https:\/\/www.chirurgieesthetique-namur.be\/wp-content\/uploads\/2019\/03\/DSC_1116-1024x678.jpg 1024w\" sizes=\"(max-width: 600px) 100vw, 600px\" \/><noscript><img decoding=\"async\" loading=\"lazy\" class=\"alignnone wp-image-512 portfolio-lazyLoad\" src=\"http:\/\/www.chirurgieesthetique-namur.be\/wp-content\/uploads\/2019\/03\/DSC_1116.jpg\" alt=\"\" width=\"600\" height=\"397\" srcset=\"https:\/\/www.chirurgieesthetique-namur.be\/wp-content\/uploads\/2019\/03\/DSC_1116.jpg 1200w, https:\/\/www.chirurgieesthetique-namur.be\/wp-content\/uploads\/2019\/03\/DSC_1116-300x199.jpg 300w, https:\/\/www.chirurgieesthetique-namur.be\/wp-content\/uploads\/2019\/03\/DSC_1116-768x508.jpg 768w, https:\/\/www.chirurgieesthetique-namur.be\/wp-content\/uploads\/2019\/03\/DSC_1116-1024x678.jpg 1024w\" sizes=\"(max-width: 600px) 100vw, 600px\" \/><\/noscript><\/p>\n<p>Florie H\u00e9noumont est psychologue et sexologue de formation. Son exp\u00e9rience dans les questions d&rsquo;image corporelle est importante, gr\u00e2ce notamment, \u00e0 sa collaboration de plusieurs ann\u00e9es avec notre service. Son aide pourra vous \u00eatre utile tant pour le v\u00e9cu des changements corporels dans le cadre de diverses reconstructions que dans les questions \u00e0 caract\u00e8re purement esth\u00e9tique. Elle vous recevra les vendredi sur le Site de Site Elisabeth. \u00a0La prise de rendez-vous se fait via notre secr\u00e9tariat: 081\/72.05.81.<\/p>\n<h3>Notre Infirmi\u00e8re sp\u00e9cialis\u00e9e en Soins de Plaies,<\/h3>\n<p><img decoding=\"async\" loading=\"lazy\" class=\"alignnone wp-image-516 portfolio-lazyLoad\" src=\"http:\/\/www.chirurgieesthetique-namur.be\/wp-content\/uploads\/2019\/03\/IMG_20170829_113008.jpg\" data-original=\"http:\/\/www.chirurgieesthetique-namur.be\/wp-content\/uploads\/2019\/03\/IMG_20170829_113008.jpg\" alt=\"IMG_20170829_113008\" width=\"300\" height=\"400\" srcset=\"https:\/\/www.chirurgieesthetique-namur.be\/wp-content\/uploads\/2019\/03\/IMG_20170829_113008.jpg 900w, https:\/\/www.chirurgieesthetique-namur.be\/wp-content\/uploads\/2019\/03\/IMG_20170829_113008-225x300.jpg 225w, https:\/\/www.chirurgieesthetique-namur.be\/wp-content\/uploads\/2019\/03\/IMG_20170829_113008-768x1024.jpg 768w\" sizes=\"(max-width: 300px) 100vw, 300px\" \/><noscript><img decoding=\"async\" loading=\"lazy\" class=\"alignnone wp-image-516 portfolio-lazyLoad\" src=\"http:\/\/www.chirurgieesthetique-namur.be\/wp-content\/uploads\/2019\/03\/IMG_20170829_113008.jpg\" alt=\"IMG_20170829_113008\" width=\"300\" height=\"400\" srcset=\"https:\/\/www.chirurgieesthetique-namur.be\/wp-content\/uploads\/2019\/03\/IMG_20170829_113008.jpg 900w, https:\/\/www.chirurgieesthetique-namur.be\/wp-content\/uploads\/2019\/03\/IMG_20170829_113008-225x300.jpg 225w, https:\/\/www.chirurgieesthetique-namur.be\/wp-content\/uploads\/2019\/03\/IMG_20170829_113008-768x1024.jpg 768w\" sizes=\"(max-width: 300px) 100vw, 300px\" \/><\/noscript><\/p>\n<p style=\"text-align: left;\">Nathalie Colmant, infirmi\u00e8re sp\u00e9cialis\u00e9e en soins de plaies, nous accompagne en consultation. Elle vous recevra dans le cadre des soins postop\u00e9ratoires en parall\u00e8le de notre consultation. \u00a0Pour la contacter : 081\/70.21.53. La prise de rendez-vous se fait via notre secr\u00e9tariat: 081\/72.05.81.<\/p>\n<h3>Nos assistants, encore plus de m\u00e9decins \u00e0 votre \u00e9coute<\/h3>\n<p>Notre \u00e9quipe de chirurgiens se compl\u00e8te chaque ann\u00e9e de 1 ou 2 m\u00e9decins assistants candidats sp\u00e9cialistes. Ces jeunes m\u00e9decins, en fin de formation de chirurgie plastique, sont amen\u00e9s \u00e0 nous accompagner lors de nos activit\u00e9s de consultation ainsi qu&rsquo;au bloc op\u00e9ratoire. Vous les rencontrerez tr\u00e8s certainement en cas d&rsquo;hospitalisation dans notre service. Ils nous aident \u00e9galement dans la gestion des patients en p\u00e9riode postop\u00e9ratoire. En cas d&rsquo;urgence ou d&rsquo;inqui\u00e9tude apr\u00e8s une op\u00e9ration, vous pourrez les joindre au 081\/70.24.15 et 081\/70.24.16.<\/p>\n","protected":false},"excerpt":{"rendered":"<p>Une \u00e9quipe \u00e0 votre service! Notre secr\u00e9tariat Notre dynamique \u00e9quipe de secr\u00e9taires vous recevra \u00e0 la consultation de Chirurgie Plastique. Elles sont \u00e0 votre disposition pour la prise de rendez-vous, l&rsquo;organisation des interventions chirurgicales et des \u00e9ventuels bilans pr\u00e9op\u00e9ratoires. Elles peuvent \u00e9galement \u00eatre contact\u00e9es en cas d&rsquo;urgence m\u00e9dicale afin de vous mettre en contact avec&hellip;<\/p>\n<p><a href=\"https:\/\/www.chirurgieesthetique-namur.be\/?page_id=520\" class=\"read-more-link\">Read More &rarr;<\/a><\/p>\n","protected":false},"author":3,"featured_media":0,"parent":0,"menu_order":0,"comment_status":"closed","ping_status":"closed","template":"","meta":[],"_links":{"self":[{"href":"https:\/\/www.chirurgieesthetique-namur.be\/index.php?rest_route=\/wp\/v2\/pages\/520"}],"collection":[{"href":"https:\/\/www.chirurgieesthetique-namur.be\/index.php?rest_route=\/wp\/v2\/pages"}],"about":[{"href":"https:\/\/www.chirurgieesthetique-namur.be\/index.php?rest_route=\/wp\/v2\/types\/page"}],"author":[{"embeddable":true,"href":"https:\/\/www.chirurgieesthetique-namur.be\/index.php?rest_route=\/wp\/v2\/users\/3"}],"replies":[{"embeddable":true,"href":"https:\/\/www.chirurgieesthetique-namur.be\/index.php?rest_route=%2Fwp%2Fv2%2Fcomments&post=520"}],"version-history":[{"count":17,"href":"https:\/\/www.chirurgieesthetique-namur.be\/index.php?rest_route=\/wp\/v2\/pages\/520\/revisions"}],"predecessor-version":[{"id":629,"href":"https:\/\/www.chirurgieesthetique-namur.be\/index.php?rest_route=\/wp\/v2\/pages\/520\/revisions\/629"}],"wp:attachment":[{"href":"https:\/\/www.chirurgieesthetique-namur.be\/index.php?rest_route=%2Fwp%2Fv2%2Fmedia&parent=520"}],"curies":[{"name":"wp","href":"https:\/\/api.w.org\/{rel}","templated":true}]}}